{"id":3485,"date":"2025-12-03T17:31:44","date_gmt":"2025-12-03T16:31:44","guid":{"rendered":"https:\/\/aurora-chatbot.com\/allgemeine-hinweise\/"},"modified":"2026-03-11T15:08:59","modified_gmt":"2026-03-11T14:08:59","slug":"allgemeine-hinweise","status":"publish","type":"page","link":"https:\/\/aurora-chatbot.com\/de\/allgemeine-hinweise\/","title":{"rendered":"Allgemeine Hinweise"},"content":{"rendered":"<style>.kb-row-layout-id3205_7ab1ed-87 > .kt-row-column-wrap{align-content:start;}:where(.kb-row-layout-id3205_7ab1ed-87 > .kt-row-column-wrap) > .wp-block-kadence-column{justify-content:start;}.kb-row-layout-id3205_7ab1ed-87 > .kt-row-column-wrap{column-gap:var(--global-kb-gap-md, 2rem);row-gap:var(--global-kb-gap-md, 2rem);padding-top:0px;padding-right:var(--global-kb-spacing-sm, 1.5rem);padding-bottom:0px;padding-left:var(--global-kb-spacing-sm, 1.5rem);grid-template-columns:minmax(0, 1fr);}.kb-row-layout-id3205_7ab1ed-87 > .kt-row-layout-overlay{opacity:0.30;}@media all and (max-width: 1024px){.kb-row-layout-id3205_7ab1ed-87 > .kt-row-column-wrap{grid-template-columns:minmax(0, 1fr);}}@media all and (max-width: 767px){.kb-row-layout-id3205_7ab1ed-87 > .kt-row-column-wrap{padding-right:var(--global-kb-spacing-xs, 1rem);padding-left:var(--global-kb-spacing-xs, 1rem);grid-template-columns:minmax(0, 1fr);}}<\/style><div class=\"kb-row-layout-wrap kb-row-layout-id3205_7ab1ed-87 alignfull has-theme-palette8-background-color kt-row-has-bg wp-block-kadence-rowlayout\"><div class=\"kt-row-column-wrap kt-has-1-columns kt-row-layout-equal kt-tab-layout-inherit kt-mobile-layout-row kt-row-valign-top\">\n<style>.kadence-column3205_403c9c-c4 > .kt-inside-inner-col{padding-top:var(--global-kb-spacing-4xl, 8rem);padding-right:var(--global-kb-spacing-lg, 3rem);padding-bottom:var(--global-kb-spacing-lg, 3rem);padding-left:var(--global-kb-spacing-lg, 3rem);}.kadence-column3205_403c9c-c4 > .kt-inside-inner-col{border-top:1px solid var(--global-palette7, #EDF2F7);border-right:1px solid var(--global-palette7, #EDF2F7);border-bottom:1px solid var(--global-palette7, #EDF2F7);border-left:1px solid var(--global-palette7, #EDF2F7);}.kadence-column3205_403c9c-c4 > .kt-inside-inner-col,.kadence-column3205_403c9c-c4 > .kt-inside-inner-col:before{border-top-left-radius:0px;border-top-right-radius:0px;border-bottom-right-radius:20px;border-bottom-left-radius:20px;}.kadence-column3205_403c9c-c4 > .kt-inside-inner-col{column-gap:var(--global-kb-gap-sm, 1rem);}.kadence-column3205_403c9c-c4 > .kt-inside-inner-col{flex-direction:column;}.kadence-column3205_403c9c-c4 > .kt-inside-inner-col > .aligncenter{width:100%;}.kadence-column3205_403c9c-c4 > .kt-inside-inner-col{background-color:var(--global-palette3, #1A202C);background-image:url('https:\/\/aurora-chatbot.com\/wp-content\/uploads\/2024\/10\/lines.png');background-size:cover;background-position:51% 84%;background-attachment:scroll;background-repeat:no-repeat;}.kadence-column3205_403c9c-c4 > .kt-inside-inner-col:before{opacity:0.74;background-image:radial-gradient(ellipse at center bottom,var(--global-palette2) 0%,var(--global-palette3) 52%);}.kadence-column3205_403c9c-c4{position:relative;}@media all and (max-width: 1024px){.kadence-column3205_403c9c-c4 > .kt-inside-inner-col{border-top:1px solid var(--global-palette7, #EDF2F7);border-right:1px solid var(--global-palette7, #EDF2F7);border-bottom:1px solid var(--global-palette7, #EDF2F7);border-left:1px solid var(--global-palette7, #EDF2F7);flex-direction:column;justify-content:center;}}@media all and (max-width: 767px){.kadence-column3205_403c9c-c4 > .kt-inside-inner-col{padding-top:var(--global-kb-spacing-xxl, 5rem);padding-right:var(--global-kb-spacing-sm, 1.5rem);padding-bottom:var(--global-kb-spacing-sm, 1.5rem);padding-left:var(--global-kb-spacing-sm, 1.5rem);border-top:1px solid var(--global-palette7, #EDF2F7);border-right:1px solid var(--global-palette7, #EDF2F7);border-bottom:1px solid var(--global-palette7, #EDF2F7);border-left:1px solid var(--global-palette7, #EDF2F7);flex-direction:column;justify-content:center;}}<\/style>\n<div class=\"wp-block-kadence-column kadence-column3205_403c9c-c4 kb-section-has-overlay\"><div class=\"kt-inside-inner-col\"><style>.wp-block-kadence-advancedheading.kt-adv-heading3205_bb6dd6-0b, .wp-block-kadence-advancedheading.kt-adv-heading3205_bb6dd6-0b[data-kb-block=\"kb-adv-heading3205_bb6dd6-0b\"]{text-align:center;font-size:var(--global-kb-font-size-xxl, 4rem);font-style:normal;font-family:var( --global-heading-font-family, inherit );}.wp-block-kadence-advancedheading.kt-adv-heading3205_bb6dd6-0b mark.kt-highlight, .wp-block-kadence-advancedheading.kt-adv-heading3205_bb6dd6-0b[data-kb-block=\"kb-adv-heading3205_bb6dd6-0b\"] mark.kt-highlight{font-style:normal;color:#f76a0c;-webkit-box-decoration-break:clone;box-decoration-break:clone;padding-top:0px;padding-right:0px;padding-bottom:0px;padding-left:0px;}.wp-block-kadence-advancedheading.kt-adv-heading3205_bb6dd6-0b img.kb-inline-image, .wp-block-kadence-advancedheading.kt-adv-heading3205_bb6dd6-0b[data-kb-block=\"kb-adv-heading3205_bb6dd6-0b\"] img.kb-inline-image{width:150px;vertical-align:baseline;}<\/style>\n<h2 class=\"kt-adv-heading3205_bb6dd6-0b wp-block-kadence-advancedheading has-theme-palette-9-color has-text-color\" data-kb-block=\"kb-adv-heading3205_bb6dd6-0b\">Allgemeine Hinweise<\/h2>\n\n\n<style>.wp-block-kadence-advancedheading.kt-adv-heading3205_79d84b-88, .wp-block-kadence-advancedheading.kt-adv-heading3205_79d84b-88[data-kb-block=\"kb-adv-heading3205_79d84b-88\"]{max-width:700px;margin-right:auto;margin-left:auto;text-align:center;font-weight:300;font-style:normal;font-family:var( --global-body-font-family, inherit );}.wp-block-kadence-advancedheading.kt-adv-heading3205_79d84b-88 mark.kt-highlight, .wp-block-kadence-advancedheading.kt-adv-heading3205_79d84b-88[data-kb-block=\"kb-adv-heading3205_79d84b-88\"] mark.kt-highlight{font-style:normal;color:#f76a0c;-webkit-box-decoration-break:clone;box-decoration-break:clone;padding-top:0px;padding-right:0px;padding-bottom:0px;padding-left:0px;}.wp-block-kadence-advancedheading.kt-adv-heading3205_79d84b-88 img.kb-inline-image, .wp-block-kadence-advancedheading.kt-adv-heading3205_79d84b-88[data-kb-block=\"kb-adv-heading3205_79d84b-88\"] img.kb-inline-image{width:150px;vertical-align:baseline;}<\/style>\n<p class=\"kt-adv-heading3205_79d84b-88 wp-block-kadence-advancedheading has-theme-palette-9-color has-text-color\" data-kb-block=\"kb-adv-heading3205_79d84b-88\"><\/p>\n<\/div><\/div>\n\n<\/div><\/div><style>.kadence-column3205_1c79ac-b5{max-width:1000px;margin-left:auto;margin-right:auto;}.wp-block-kadence-column.kb-section-dir-horizontal:not(.kb-section-md-dir-vertical)>.kt-inside-inner-col>.kadence-column3205_1c79ac-b5{-webkit-flex:0 1 1000px;flex:0 1 1000px;max-width:unset;margin-left:unset;margin-right:unset;}.kadence-column3205_1c79ac-b5 > .kt-inside-inner-col{padding-top:var(--global-kb-spacing-lg, 3rem);padding-bottom:var(--global-kb-spacing-lg, 3rem);}.kadence-column3205_1c79ac-b5 > .kt-inside-inner-col,.kadence-column3205_1c79ac-b5 > .kt-inside-inner-col:before{border-top-left-radius:0px;border-top-right-radius:0px;border-bottom-right-radius:0px;border-bottom-left-radius:0px;}.kadence-column3205_1c79ac-b5 > .kt-inside-inner-col{column-gap:var(--global-kb-gap-sm, 1rem);}.kadence-column3205_1c79ac-b5 > .kt-inside-inner-col{flex-direction:column;}.kadence-column3205_1c79ac-b5 > .kt-inside-inner-col > .aligncenter{width:100%;}.kadence-column3205_1c79ac-b5 > .kt-inside-inner-col:before{opacity:0.3;}.kadence-column3205_1c79ac-b5{position:relative;}@media all and (min-width: 1025px){.wp-block-kadence-column.kb-section-dir-horizontal>.kt-inside-inner-col>.kadence-column3205_1c79ac-b5{-webkit-flex:0 1 1000px;flex:0 1 1000px;max-width:unset;margin-left:unset;margin-right:unset;}}@media all and (max-width: 1024px){.kadence-column3205_1c79ac-b5 > .kt-inside-inner-col{flex-direction:column;justify-content:center;}}@media all and (max-width: 767px){.wp-block-kadence-column.kb-section-sm-dir-vertical:not(.kb-section-sm-dir-horizontal):not(.kb-section-sm-dir-specificity)>.kt-inside-inner-col>.kadence-column3205_1c79ac-b5{max-width:1000px;-webkit-flex:1;flex:1;margin-left:auto;margin-right:auto;}.kadence-column3205_1c79ac-b5 > .kt-inside-inner-col{flex-direction:column;justify-content:center;}}<\/style>\n<div class=\"wp-block-kadence-column kadence-column3205_1c79ac-b5\"><div class=\"kt-inside-inner-col\">\n<p><strong>Editeur du site<\/strong><br\/>Lightsaber Communication<br\/>45 rue Fr\u00e9d\u00e9ric Joliot Curie<br\/>13013 Marseille &#8211; FRANCE<br\/>Tel. : + 33 (0) 6 01 77 53 61<\/p>\n\n\n\n<p><strong>Directeur de publication<\/strong><br\/>Thomas VIGNES<\/p>\n\n\n\n<p><strong>H\u00e9bergement<\/strong><br\/>OVH<br\/>2 rue Kellermann<br\/>59100 Roubaix &#8211; FRANKREICH<br\/>www.ovh.com<\/p>\n<\/div><\/div>\n","protected":false},"excerpt":{"rendered":"<p>Allgemeine Hinweise Editeur du siteLightsaber Communication45 rue Fr\u00e9d\u00e9ric Joliot Curie13013 Marseille &#8211; FRANCETel. : + 33 (0) 6 01 77 53 61 Directeur de publicationThomas VIGNES H\u00e9bergementOVH2 rue Kellermann59100 Roubaix &#8211; FRANKREICHwww.ovh.com<\/p>\n","protected":false},"author":1,"featured_media":0,"parent":0,"menu_order":0,"comment_status":"closed","ping_status":"closed","template":"","meta":{"inline_featured_image":false,"_kad_blocks_custom_css":"","_kad_blocks_head_custom_js":"","_kad_blocks_body_custom_js":"","_kad_blocks_footer_custom_js":"","_kad_post_transparent":"","_kad_post_title":"","_kad_post_layout":"","_kad_post_sidebar_id":"","_kad_post_content_style":"","_kad_post_vertical_padding":"","_kad_post_feature":"","_kad_post_feature_position":"","_kad_post_header":false,"_kad_post_footer":false,"_kad_post_classname":"","footnotes":""},"class_list":["post-3485","page","type-page","status-publish","hentry"],"yoast_head":"<!-- This site is optimized with the Yoast SEO plugin v27.1.1 - https:\/\/yoast.com\/product\/yoast-seo-wordpress\/ -->\n<title>Allgemeine Hinweise - Aurora Chatbot<\/title>\n<meta name=\"robots\" content=\"index, follow, max-snippet:-1, max-image-preview:large, max-video-preview:-1\" \/>\n<link rel=\"canonical\" href=\"https:\/\/aurora-chatbot.com\/de\/allgemeine-hinweise\/\" \/>\n<meta property=\"og:locale\" content=\"de_DE\" \/>\n<meta property=\"og:type\" content=\"article\" \/>\n<meta property=\"og:title\" content=\"Allgemeine Hinweise - Aurora Chatbot\" \/>\n<meta property=\"og:description\" content=\"Allgemeine Hinweise Editeur du siteLightsaber Communication45 rue Fr\u00e9d\u00e9ric Joliot Curie13013 Marseille &#8211; FRANCETel. : + 33 (0) 6 01 77 53 61 Directeur de publicationThomas VIGNES H\u00e9bergementOVH2 rue Kellermann59100 Roubaix &#8211; FRANKREICHwww.ovh.com\" \/>\n<meta property=\"og:url\" content=\"https:\/\/aurora-chatbot.com\/de\/allgemeine-hinweise\/\" \/>\n<meta property=\"og:site_name\" content=\"Aurora Chatbot\" \/>\n<meta property=\"article:modified_time\" content=\"2026-03-11T14:08:59+00:00\" \/>\n<meta property=\"og:image\" content=\"https:\/\/aurora-chatbot.com\/wp-content\/uploads\/2026\/01\/aurora-main.png\" \/>\n\t<meta property=\"og:image:width\" content=\"1200\" \/>\n\t<meta property=\"og:image:height\" content=\"675\" \/>\n\t<meta property=\"og:image:type\" content=\"image\/png\" \/>\n<meta name=\"twitter:card\" content=\"summary_large_image\" \/>\n<script type=\"application\/ld+json\" class=\"yoast-schema-graph\">{\"@context\":\"https:\/\/schema.org\",\"@graph\":[{\"@type\":\"WebPage\",\"@id\":\"https:\/\/aurora-chatbot.com\/de\/allgemeine-hinweise\/\",\"url\":\"https:\/\/aurora-chatbot.com\/de\/allgemeine-hinweise\/\",\"name\":\"Allgemeine Hinweise - Aurora Chatbot\",\"isPartOf\":{\"@id\":\"https:\/\/aurora-chatbot.com\/de\/#website\"},\"datePublished\":\"2025-12-03T16:31:44+00:00\",\"dateModified\":\"2026-03-11T14:08:59+00:00\",\"breadcrumb\":{\"@id\":\"https:\/\/aurora-chatbot.com\/de\/allgemeine-hinweise\/#breadcrumb\"},\"inLanguage\":\"de\",\"potentialAction\":[{\"@type\":\"ReadAction\",\"target\":[\"https:\/\/aurora-chatbot.com\/de\/allgemeine-hinweise\/\"]}]},{\"@type\":\"BreadcrumbList\",\"@id\":\"https:\/\/aurora-chatbot.com\/de\/allgemeine-hinweise\/#breadcrumb\",\"itemListElement\":[{\"@type\":\"ListItem\",\"position\":1,\"name\":\"Home\",\"item\":\"https:\/\/aurora-chatbot.com\/de\/\"},{\"@type\":\"ListItem\",\"position\":2,\"name\":\"Allgemeine Hinweise\"}]},{\"@type\":\"WebSite\",\"@id\":\"https:\/\/aurora-chatbot.com\/de\/#website\",\"url\":\"https:\/\/aurora-chatbot.com\/de\/\",\"name\":\"Aurora Chatbot\",\"description\":\"\",\"publisher\":{\"@id\":\"https:\/\/aurora-chatbot.com\/de\/#organization\"},\"potentialAction\":[{\"@type\":\"SearchAction\",\"target\":{\"@type\":\"EntryPoint\",\"urlTemplate\":\"https:\/\/aurora-chatbot.com\/de\/?s={search_term_string}\"},\"query-input\":{\"@type\":\"PropertyValueSpecification\",\"valueRequired\":true,\"valueName\":\"search_term_string\"}}],\"inLanguage\":\"de\"},{\"@type\":\"Organization\",\"@id\":\"https:\/\/aurora-chatbot.com\/de\/#organization\",\"name\":\"Aurora Chatbot\",\"url\":\"https:\/\/aurora-chatbot.com\/de\/\",\"logo\":{\"@type\":\"ImageObject\",\"inLanguage\":\"de\",\"@id\":\"https:\/\/aurora-chatbot.com\/de\/#\/schema\/logo\/image\/\",\"url\":\"https:\/\/aurora-chatbot.com\/wp-content\/uploads\/2024\/10\/aurora-logo.svg\",\"contentUrl\":\"https:\/\/aurora-chatbot.com\/wp-content\/uploads\/2024\/10\/aurora-logo.svg\",\"caption\":\"Aurora Chatbot\"},\"image\":{\"@id\":\"https:\/\/aurora-chatbot.com\/de\/#\/schema\/logo\/image\/\"}}]}<\/script>\n<!-- \/ Yoast SEO plugin. -->","yoast_head_json":{"title":"Allgemeine Hinweise - Aurora Chatbot","robots":{"index":"index","follow":"follow","max-snippet":"max-snippet:-1","max-image-preview":"max-image-preview:large","max-video-preview":"max-video-preview:-1"},"canonical":"https:\/\/aurora-chatbot.com\/de\/allgemeine-hinweise\/","og_locale":"de_DE","og_type":"article","og_title":"Allgemeine Hinweise - Aurora Chatbot","og_description":"Allgemeine Hinweise Editeur du siteLightsaber Communication45 rue Fr\u00e9d\u00e9ric Joliot Curie13013 Marseille &#8211; FRANCETel. : + 33 (0) 6 01 77 53 61 Directeur de publicationThomas VIGNES H\u00e9bergementOVH2 rue Kellermann59100 Roubaix &#8211; FRANKREICHwww.ovh.com","og_url":"https:\/\/aurora-chatbot.com\/de\/allgemeine-hinweise\/","og_site_name":"Aurora Chatbot","article_modified_time":"2026-03-11T14:08:59+00:00","og_image":[{"width":1200,"height":675,"url":"https:\/\/aurora-chatbot.com\/wp-content\/uploads\/2026\/01\/aurora-main.png","type":"image\/png"}],"twitter_card":"summary_large_image","schema":{"@context":"https:\/\/schema.org","@graph":[{"@type":"WebPage","@id":"https:\/\/aurora-chatbot.com\/de\/allgemeine-hinweise\/","url":"https:\/\/aurora-chatbot.com\/de\/allgemeine-hinweise\/","name":"Allgemeine Hinweise - Aurora Chatbot","isPartOf":{"@id":"https:\/\/aurora-chatbot.com\/de\/#website"},"datePublished":"2025-12-03T16:31:44+00:00","dateModified":"2026-03-11T14:08:59+00:00","breadcrumb":{"@id":"https:\/\/aurora-chatbot.com\/de\/allgemeine-hinweise\/#breadcrumb"},"inLanguage":"de","potentialAction":[{"@type":"ReadAction","target":["https:\/\/aurora-chatbot.com\/de\/allgemeine-hinweise\/"]}]},{"@type":"BreadcrumbList","@id":"https:\/\/aurora-chatbot.com\/de\/allgemeine-hinweise\/#breadcrumb","itemListElement":[{"@type":"ListItem","position":1,"name":"Home","item":"https:\/\/aurora-chatbot.com\/de\/"},{"@type":"ListItem","position":2,"name":"Allgemeine Hinweise"}]},{"@type":"WebSite","@id":"https:\/\/aurora-chatbot.com\/de\/#website","url":"https:\/\/aurora-chatbot.com\/de\/","name":"Aurora Chatbot","description":"","publisher":{"@id":"https:\/\/aurora-chatbot.com\/de\/#organization"},"potentialAction":[{"@type":"SearchAction","target":{"@type":"EntryPoint","urlTemplate":"https:\/\/aurora-chatbot.com\/de\/?s={search_term_string}"},"query-input":{"@type":"PropertyValueSpecification","valueRequired":true,"valueName":"search_term_string"}}],"inLanguage":"de"},{"@type":"Organization","@id":"https:\/\/aurora-chatbot.com\/de\/#organization","name":"Aurora Chatbot","url":"https:\/\/aurora-chatbot.com\/de\/","logo":{"@type":"ImageObject","inLanguage":"de","@id":"https:\/\/aurora-chatbot.com\/de\/#\/schema\/logo\/image\/","url":"https:\/\/aurora-chatbot.com\/wp-content\/uploads\/2024\/10\/aurora-logo.svg","contentUrl":"https:\/\/aurora-chatbot.com\/wp-content\/uploads\/2024\/10\/aurora-logo.svg","caption":"Aurora Chatbot"},"image":{"@id":"https:\/\/aurora-chatbot.com\/de\/#\/schema\/logo\/image\/"}}]}},"taxonomy_info":[],"featured_image_src_large":false,"author_info":{"display_name":"adminlsc","author_link":"https:\/\/aurora-chatbot.com\/de\/author\/adminlsc\/"},"comment_info":"","_links":{"self":[{"href":"https:\/\/aurora-chatbot.com\/de\/wp-json\/wp\/v2\/pages\/3485","targetHints":{"allow":["GET"]}}],"collection":[{"href":"https:\/\/aurora-chatbot.com\/de\/wp-json\/wp\/v2\/pages"}],"about":[{"href":"https:\/\/aurora-chatbot.com\/de\/wp-json\/wp\/v2\/types\/page"}],"author":[{"embeddable":true,"href":"https:\/\/aurora-chatbot.com\/de\/wp-json\/wp\/v2\/users\/1"}],"replies":[{"embeddable":true,"href":"https:\/\/aurora-chatbot.com\/de\/wp-json\/wp\/v2\/comments?post=3485"}],"version-history":[{"count":2,"href":"https:\/\/aurora-chatbot.com\/de\/wp-json\/wp\/v2\/pages\/3485\/revisions"}],"predecessor-version":[{"id":3490,"href":"https:\/\/aurora-chatbot.com\/de\/wp-json\/wp\/v2\/pages\/3485\/revisions\/3490"}],"wp:attachment":[{"href":"https:\/\/aurora-chatbot.com\/de\/wp-json\/wp\/v2\/media?parent=3485"}],"curies":[{"name":"wp","href":"https:\/\/api.w.org\/{rel}","templated":true}]}}